{"id":4,"date":"2024-08-04T03:53:56","date_gmt":"2024-08-04T01:53:56","guid":{"rendered":"https:\/\/www.audox.es\/zoho-desk\/contacto\/"},"modified":"2025-11-05T20:18:38","modified_gmt":"2025-11-05T19:18:38","slug":"contacto","status":"publish","type":"page","link":"https:\/\/www.audox.es\/zoho-desk\/contacto\/","title":{"rendered":"Contacto"},"content":{"rendered":"<h2>Zoho Desk Expertos<\/h2>\n<p><a href=\"https:\/\/www.audox.cl\">Audox Ingenier\u00eda SpA.<\/a> en Espa\u00f1a trabaja en conjunto con <a href=\"https:\/\/magusinformatica.com\">Magus Inform\u00e1tica<\/a> (Tecno Soft Consultor\u00eda Inform\u00e1tica, SLU).<\/p>\n<p>\t\t\t\tCentro de Negocios Merecillas, n\u00ba 17. Poblaci\u00f3n : Antequera : 29200 M\u00e1laga. Espa\u00f1a<br \/><a href=\"mailto:info@audox.es\">info@audox.es<\/a><br \/><a href=\"tel:+34 692 055 652\">+34 692 055 652<\/a><\/p>\n<p><a href=\"tel:+34 692 055 652\"><img decoding=\"async\" loading=\"lazy\" src=\"https:\/\/www.audox.cl\/wp-content\/uploads\/2025\/09\/boton-llamanos.png\" alt=\"Ll\u00e1manos\"><\/a><\/p>\n<p><a href=\"https:\/\/www.audox.cl\">Audox Chile<\/a> &#8211; <a href=\"https:\/\/www.audox.mx\">Audox M\u00e9xico<\/a> &#8211; <a href=\"https:\/\/www.audox.com\">Audox English<\/a><\/p>\n<p><a href=\"https:\/\/github.com\/audoxcl\">GitHub<\/a><br \/><a href=\"https:\/\/www.youtube.com\/@audox.com_es\">YouTube Spanish<\/a><br \/><a href=\"https:\/\/www.youtube.com\/@audox.com_en\">YouTube English<\/a><\/p>\n<div style=\"border-radius: 8px; background-color: Gold; width: 100%; height: 100px; display: flex; align-items: center; justify-content: center;\">\n<p style=\"text-align: center; color: black; font-size: medium; font-weight: bold;\"><a style=\"color: black;\" href=\"https:\/\/www.audox.cl\/go\/zoho-desk\">\u00a1 Crea tu Cuenta Gratis de Zoho Desk aqu\u00ed !<\/a><\/p>\n<\/p><\/div>\n","protected":false},"excerpt":{"rendered":"<p>Zoho Desk Expertos Audox Ingenier\u00eda SpA. en Espa\u00f1a trabaja en conjunto con Magus Inform\u00e1tica (Tecno Soft Consultor\u00eda Inform\u00e1tica, SLU). Centro de Negocios Merecillas, n\u00ba 17. Poblaci\u00f3n : Antequera : 29200 M\u00e1laga. Espa\u00f1ainfo@audox.es+34 692 055 652 Audox Chile &#8211; Audox M\u00e9xico &hellip;<\/p>\n<p class=\"read-more\"> <a class=\"more-link\" href=\"https:\/\/www.audox.es\/zoho-desk\/contacto\/\"> <span class=\"screen-reader-text\">Contacto<\/span> Leer m\u00e1s \u00bb<\/a><\/p>\n","protected":false},"author":1,"featured_media":0,"parent":0,"menu_order":7,"comment_status":"closed","ping_status":"closed","template":"","meta":{"om_disable_all_campaigns":false,"_monsterinsights_skip_tracking":false,"_monsterinsights_sitenote_active":false,"_monsterinsights_sitenote_note":"","_monsterinsights_sitenote_category":0,"footnotes":""},"class_list":["post-4","page","type-page","status-publish","hentry"],"yoast_head":"<!-- This site is optimized with the Yoast SEO plugin v27.4 - https:\/\/yoast.com\/product\/yoast-seo-wordpress\/ -->\n<title>Contacto - Zoho Desk Expertos<\/title>\n<meta name=\"description\" content=\"Implementaci\u00f3n, Capacitaci\u00f3n y Soporte Especializado para Zoho Desk en Espa\u00f1a. Potencia Zoho Desk con nuestros Expertos. Ll\u00e1manos!\" \/>\n<meta name=\"robots\" content=\"index, follow, max-snippet:-1, max-image-preview:large, max-video-preview:-1\" \/>\n<link rel=\"canonical\" href=\"https:\/\/www.audox.es\/zoho-desk\/contacto\/\" \/>\n<meta property=\"og:locale\" content=\"es_ES\" \/>\n<meta property=\"og:type\" content=\"article\" \/>\n<meta property=\"og:title\" content=\"Contacto - Zoho Desk Expertos\" \/>\n<meta property=\"og:description\" content=\"Implementaci\u00f3n, Capacitaci\u00f3n y Soporte Especializado para Zoho Desk en Espa\u00f1a. Potencia Zoho Desk con nuestros Expertos. Ll\u00e1manos!\" \/>\n<meta property=\"og:url\" content=\"https:\/\/www.audox.es\/zoho-desk\/contacto\/\" \/>\n<meta property=\"og:site_name\" content=\"Zoho Desk Expertos\" \/>\n<meta property=\"article:modified_time\" content=\"2025-11-05T19:18:38+00:00\" \/>\n<meta property=\"og:image\" content=\"https:\/\/www.audox.cl\/wp-content\/uploads\/2025\/09\/boton-llamanos.png\" \/>\n<meta name=\"twitter:card\" content=\"summary_large_image\" \/>\n<script type=\"application\/ld+json\" class=\"yoast-schema-graph\">{\"@context\":\"https:\\\/\\\/schema.org\",\"@graph\":[{\"@type\":\"WebPage\",\"@id\":\"https:\\\/\\\/www.audox.es\\\/zoho-desk\\\/contacto\\\/\",\"url\":\"https:\\\/\\\/www.audox.es\\\/zoho-desk\\\/contacto\\\/\",\"name\":\"Contacto - Zoho Desk Expertos\",\"isPartOf\":{\"@id\":\"https:\\\/\\\/www.audox.es\\\/zoho-desk\\\/#website\"},\"primaryImageOfPage\":{\"@id\":\"https:\\\/\\\/www.audox.es\\\/zoho-desk\\\/contacto\\\/#primaryimage\"},\"image\":{\"@id\":\"https:\\\/\\\/www.audox.es\\\/zoho-desk\\\/contacto\\\/#primaryimage\"},\"thumbnailUrl\":\"https:\\\/\\\/www.audox.cl\\\/wp-content\\\/uploads\\\/2025\\\/09\\\/boton-llamanos.png\",\"datePublished\":\"2024-08-04T01:53:56+00:00\",\"dateModified\":\"2025-11-05T19:18:38+00:00\",\"description\":\"Implementaci\u00f3n, Capacitaci\u00f3n y Soporte Especializado para Zoho Desk en Espa\u00f1a. Potencia Zoho Desk con nuestros Expertos. Ll\u00e1manos!\",\"breadcrumb\":{\"@id\":\"https:\\\/\\\/www.audox.es\\\/zoho-desk\\\/contacto\\\/#breadcrumb\"},\"inLanguage\":\"es\",\"potentialAction\":[{\"@type\":\"ReadAction\",\"target\":[\"https:\\\/\\\/www.audox.es\\\/zoho-desk\\\/contacto\\\/\"]}]},{\"@type\":\"ImageObject\",\"inLanguage\":\"es\",\"@id\":\"https:\\\/\\\/www.audox.es\\\/zoho-desk\\\/contacto\\\/#primaryimage\",\"url\":\"https:\\\/\\\/www.audox.cl\\\/wp-content\\\/uploads\\\/2025\\\/09\\\/boton-llamanos.png\",\"contentUrl\":\"https:\\\/\\\/www.audox.cl\\\/wp-content\\\/uploads\\\/2025\\\/09\\\/boton-llamanos.png\"},{\"@type\":\"BreadcrumbList\",\"@id\":\"https:\\\/\\\/www.audox.es\\\/zoho-desk\\\/contacto\\\/#breadcrumb\",\"itemListElement\":[{\"@type\":\"ListItem\",\"position\":1,\"name\":\"Portada\",\"item\":\"https:\\\/\\\/www.audox.es\\\/zoho-desk\\\/inicio\\\/\"},{\"@type\":\"ListItem\",\"position\":2,\"name\":\"Contacto\"}]},{\"@type\":\"WebSite\",\"@id\":\"https:\\\/\\\/www.audox.es\\\/zoho-desk\\\/#website\",\"url\":\"https:\\\/\\\/www.audox.es\\\/zoho-desk\\\/\",\"name\":\"Zoho Desk Expertos\",\"description\":\"\",\"potentialAction\":[{\"@type\":\"SearchAction\",\"target\":{\"@type\":\"EntryPoint\",\"urlTemplate\":\"https:\\\/\\\/www.audox.es\\\/zoho-desk\\\/?s={search_term_string}\"},\"query-input\":{\"@type\":\"PropertyValueSpecification\",\"valueRequired\":true,\"valueName\":\"search_term_string\"}}],\"inLanguage\":\"es\"}]}<\/script>\n<!-- \/ Yoast SEO plugin. -->","yoast_head_json":{"title":"Contacto - Zoho Desk Expertos","description":"Implementaci\u00f3n, Capacitaci\u00f3n y Soporte Especializado para Zoho Desk en Espa\u00f1a. Potencia Zoho Desk con nuestros Expertos. Ll\u00e1manos!","robots":{"index":"index","follow":"follow","max-snippet":"max-snippet:-1","max-image-preview":"max-image-preview:large","max-video-preview":"max-video-preview:-1"},"canonical":"https:\/\/www.audox.es\/zoho-desk\/contacto\/","og_locale":"es_ES","og_type":"article","og_title":"Contacto - Zoho Desk Expertos","og_description":"Implementaci\u00f3n, Capacitaci\u00f3n y Soporte Especializado para Zoho Desk en Espa\u00f1a. Potencia Zoho Desk con nuestros Expertos. Ll\u00e1manos!","og_url":"https:\/\/www.audox.es\/zoho-desk\/contacto\/","og_site_name":"Zoho Desk Expertos","article_modified_time":"2025-11-05T19:18:38+00:00","og_image":[{"url":"https:\/\/www.audox.cl\/wp-content\/uploads\/2025\/09\/boton-llamanos.png","type":"","width":"","height":""}],"twitter_card":"summary_large_image","schema":{"@context":"https:\/\/schema.org","@graph":[{"@type":"WebPage","@id":"https:\/\/www.audox.es\/zoho-desk\/contacto\/","url":"https:\/\/www.audox.es\/zoho-desk\/contacto\/","name":"Contacto - Zoho Desk Expertos","isPartOf":{"@id":"https:\/\/www.audox.es\/zoho-desk\/#website"},"primaryImageOfPage":{"@id":"https:\/\/www.audox.es\/zoho-desk\/contacto\/#primaryimage"},"image":{"@id":"https:\/\/www.audox.es\/zoho-desk\/contacto\/#primaryimage"},"thumbnailUrl":"https:\/\/www.audox.cl\/wp-content\/uploads\/2025\/09\/boton-llamanos.png","datePublished":"2024-08-04T01:53:56+00:00","dateModified":"2025-11-05T19:18:38+00:00","description":"Implementaci\u00f3n, Capacitaci\u00f3n y Soporte Especializado para Zoho Desk en Espa\u00f1a. Potencia Zoho Desk con nuestros Expertos. Ll\u00e1manos!","breadcrumb":{"@id":"https:\/\/www.audox.es\/zoho-desk\/contacto\/#breadcrumb"},"inLanguage":"es","potentialAction":[{"@type":"ReadAction","target":["https:\/\/www.audox.es\/zoho-desk\/contacto\/"]}]},{"@type":"ImageObject","inLanguage":"es","@id":"https:\/\/www.audox.es\/zoho-desk\/contacto\/#primaryimage","url":"https:\/\/www.audox.cl\/wp-content\/uploads\/2025\/09\/boton-llamanos.png","contentUrl":"https:\/\/www.audox.cl\/wp-content\/uploads\/2025\/09\/boton-llamanos.png"},{"@type":"BreadcrumbList","@id":"https:\/\/www.audox.es\/zoho-desk\/contacto\/#breadcrumb","itemListElement":[{"@type":"ListItem","position":1,"name":"Portada","item":"https:\/\/www.audox.es\/zoho-desk\/inicio\/"},{"@type":"ListItem","position":2,"name":"Contacto"}]},{"@type":"WebSite","@id":"https:\/\/www.audox.es\/zoho-desk\/#website","url":"https:\/\/www.audox.es\/zoho-desk\/","name":"Zoho Desk Expertos","description":"","potentialAction":[{"@type":"SearchAction","target":{"@type":"EntryPoint","urlTemplate":"https:\/\/www.audox.es\/zoho-desk\/?s={search_term_string}"},"query-input":{"@type":"PropertyValueSpecification","valueRequired":true,"valueName":"search_term_string"}}],"inLanguage":"es"}]}},"_links":{"self":[{"href":"https:\/\/www.audox.es\/zoho-desk\/wp-json\/wp\/v2\/pages\/4","targetHints":{"allow":["GET"]}}],"collection":[{"href":"https:\/\/www.audox.es\/zoho-desk\/wp-json\/wp\/v2\/pages"}],"about":[{"href":"https:\/\/www.audox.es\/zoho-desk\/wp-json\/wp\/v2\/types\/page"}],"author":[{"embeddable":true,"href":"https:\/\/www.audox.es\/zoho-desk\/wp-json\/wp\/v2\/users\/1"}],"replies":[{"embeddable":true,"href":"https:\/\/www.audox.es\/zoho-desk\/wp-json\/wp\/v2\/comments?post=4"}],"version-history":[{"count":3,"href":"https:\/\/www.audox.es\/zoho-desk\/wp-json\/wp\/v2\/pages\/4\/revisions"}],"predecessor-version":[{"id":71,"href":"https:\/\/www.audox.es\/zoho-desk\/wp-json\/wp\/v2\/pages\/4\/revisions\/71"}],"wp:attachment":[{"href":"https:\/\/www.audox.es\/zoho-desk\/wp-json\/wp\/v2\/media?parent=4"}],"curies":[{"name":"wp","href":"https:\/\/api.w.org\/{rel}","templated":true}]}}