{"id":3,"date":"2025-06-13T23:38:03","date_gmt":"2025-06-13T21:38:03","guid":{"rendered":"https:\/\/www.audox.es\/it-staff-augmentation\/servicios\/"},"modified":"2026-04-04T04:18:14","modified_gmt":"2026-04-04T02:18:14","slug":"servicios","status":"publish","type":"page","link":"https:\/\/www.audox.es\/it-staff-augmentation\/servicios\/","title":{"rendered":"Servicios"},"content":{"rendered":"<h2>\u00bfQu\u00e9 es IT Staff Augmentation y c\u00f3mo puede ayudar al crecimiento de tu negocio?<\/h2>\n<p><p>En un mundo cada vez m\u00e1s digitalizado, la demanda de especialistas en tecnolog\u00eda de la informaci\u00f3n (IT) es m\u00e1s alta que nunca. La <strong>augmentaci\u00f3n de personal IT<\/strong> es una estrategia que permite a las empresas optimizar sus equipos sumando talento cualificado por per\u00edodos espec\u00edficos, sin necesidad de incurrir en procesos de contrataci\u00f3n largos y costosos.<\/p>\n<h2>\u00bfC\u00f3mo funciona?<\/h2>\n<p>Mediante la augmentaci\u00f3n de personal, las empresas pueden integrar profesionales IT externos en sus equipos para cubrir necesidades espec\u00edficas. Esto puede ser por la duraci\u00f3n de un proyecto, para cubrir d\u00e9ficit de habilidades en el equipo existente o para acelerar el desarrollo de tecnolog\u00eda.<\/p>\n<h2>Beneficios para tu Empresa<\/h2>\n<ul>\n<li>\n<strong>Flexibilidad:<\/strong> Adapta tu equipo a las necesidades cambiantes del proyecto sin comprometer recursos a largo plazo.<\/li>\n<li>\n<strong>Eficiencia de Costos:<\/strong> Ahorra en procesos de reclutamiento y formaci\u00f3n de nuevos empleados mientras incorporas talento experto.<\/li>\n<li>\n<strong>Acceso a Talento Especializado:<\/strong> Accede a profesionales con habilidades y experiencia espec\u00edfica que tal vez no est\u00e9n disponibles internamente.<\/li>\n<li>\n<strong>Aceleraci\u00f3n de Proyectos:<\/strong> Ampl\u00eda tu capacidad de entrega sin sacrificar la calidad de tus productos o servicios.<\/li>\n<\/ul>\n<h2>\u00bfC\u00f3mo puede ayudar Audox a tu negocio?<\/h2>\n<p>Audox es un l\u00edder en la <a href=\"http:\/\/www.audox.cl\">augmentaci\u00f3n de personal IT<\/a>, ofreciendo soluciones personalizadas que se alinean con las necesidades estrat\u00e9gicas de tu empresa. Nuestro enfoque est\u00e1 en ofrecer talento de alta calidad que se integra sin problemas en tus equipos y ayuda a lograr tus objetivos tecnol\u00f3gicos en tiempos r\u00e9cord.<\/p>\n<p>Con una vasta red de profesionales cualificados y especialistas, Audox garantiza que el proceso sea \u00e1gil y eficiente. Desde desarrolladores de software hasta especialistas en ciberseguridad, tenemos el talento que impulsar\u00e1 el \u00e9xito de tus proyectos.<\/p>\n<h2>Conclusi\u00f3n<\/h2>\n<p>La augmentaci\u00f3n de personal IT es una herramienta esencial para cualquier empresa que desee avanzar en su transformaci\u00f3n digital de manera eficaz y econ\u00f3mica. Con Audox, tienes un socio confiable que hace que integrar y optimizar tu equipo tecnol\u00f3gico sea un proceso sencillo y exitoso.<\/p>\n<p><div class=\"custom-faq-section\"><h2>Preguntas y Respuestas Frecuentes<\/h2><div class=\"faq-item\" style=\"margin-bottom: 20px;\"><h3>\u00bfQu\u00e9 es la augmentaci\u00f3n de personal IT?<\/h3><p>Es una estrategia que permite a empresas sumar expertos externos a sus equipos para cubrir necesidades espec\u00edficas sin procesos extensos de contrataci\u00f3n.<\/p><\/div><div class=\"faq-item\" style=\"margin-bottom: 20px;\"><h3>\u00bfCu\u00e1les son los beneficios de la augmentaci\u00f3n de personal IT?<\/h3><p>Proporciona flexibilidad, eficiencia de costos, acceso a talento especializado y aceleraci\u00f3n de proyectos.<\/p><\/div><div class=\"faq-item\" style=\"margin-bottom: 20px;\"><h3>\u00bfC\u00f3mo puede ayudar Audox en la augmentaci\u00f3n de personal IT?<\/h3><p>Audox ofrece soluciones personalizadas con profesionales altamente cualificados para integrarse a tus equipos y ayudarte a alcanzar tus objetivos tecnol\u00f3gicos.<\/p><\/div><\/div><\/p>\n<h2>Servicios para IT Staff Augmentation<\/h2>\n<p>Nuestros servicios para <strong>IT Staff Augmentation<\/strong> consisten en:<\/p>\n<ul>\n<li>Implementaci\u00f3n<\/li>\n<li>Capacitaci\u00f3n<\/li>\n<li>Soporte<\/li>\n<\/ul>\n<h3>Servicios para IT Staff Augmentation con Audox<\/h3>\n<p>En Audox <a href=\"https:\/\/www.youtube.com\/@audox.com_es\">somos expertos<\/a> en implementaci\u00f3n, soporte y capacitaci\u00f3n de IT Staff Augmentation para empresas peque\u00f1as, medianas y grandes gracias a nuestra amplia experiencia de m\u00e1s de una d\u00e9cada en el \u00e1rea de la tecnolog\u00eda e ingenier\u00eda.<\/p>\n","protected":false},"excerpt":{"rendered":"<p>\u00bfQu\u00e9 es IT Staff Augmentation y c\u00f3mo puede ayudar al crecimiento de tu negocio? En un mundo cada vez m\u00e1s digitalizado, la demanda de especialistas en tecnolog\u00eda de la informaci\u00f3n (IT) es m\u00e1s alta que nunca. La augmentaci\u00f3n de personal &hellip;<\/p>\n<p class=\"read-more\"> <a class=\"more-link\" href=\"https:\/\/www.audox.es\/it-staff-augmentation\/servicios\/\"> <span class=\"screen-reader-text\">Servicios<\/span> Leer m\u00e1s \u00bb<\/a><\/p>\n","protected":false},"author":1,"featured_media":0,"parent":0,"menu_order":1,"comment_status":"closed","ping_status":"closed","template":"","meta":{"om_disable_all_campaigns":false,"_monsterinsights_skip_tracking":false,"_monsterinsights_sitenote_active":false,"_monsterinsights_sitenote_note":"","_monsterinsights_sitenote_category":0,"footnotes":""},"class_list":["post-3","page","type-page","status-publish","hentry"],"yoast_head":"<!-- This site is optimized with the Yoast SEO plugin v27.3 - https:\/\/yoast.com\/product\/yoast-seo-wordpress\/ -->\n<title>Servicios - IT Staff Augmentation Expertos<\/title>\n<meta name=\"description\" content=\"Descubre qu\u00e9 es la augmentaci\u00f3n de personal IT y c\u00f3mo puede impulsar el crecimiento de tu empresa. Audox ofrece soluciones flexibles y eficientes para optimizar tus equipos tecnol\u00f3gicos.\" \/>\n<meta name=\"robots\" content=\"index, follow, max-snippet:-1, max-image-preview:large, max-video-preview:-1\" \/>\n<link rel=\"canonical\" href=\"https:\/\/www.audox.es\/it-staff-augmentation\/servicios\/\" \/>\n<meta property=\"og:locale\" content=\"es_ES\" \/>\n<meta property=\"og:type\" content=\"article\" \/>\n<meta property=\"og:title\" content=\"Servicios - IT Staff Augmentation Expertos\" \/>\n<meta property=\"og:description\" content=\"Descubre qu\u00e9 es la augmentaci\u00f3n de personal IT y c\u00f3mo puede impulsar el crecimiento de tu empresa. Audox ofrece soluciones flexibles y eficientes para optimizar tus equipos tecnol\u00f3gicos.\" \/>\n<meta property=\"og:url\" content=\"https:\/\/www.audox.es\/it-staff-augmentation\/servicios\/\" \/>\n<meta property=\"og:site_name\" content=\"IT Staff Augmentation Expertos\" \/>\n<meta property=\"article:modified_time\" content=\"2026-04-04T02:18:14+00:00\" \/>\n<meta name=\"twitter:card\" content=\"summary_large_image\" \/>\n<meta name=\"twitter:label1\" content=\"Tiempo de lectura\" \/>\n\t<meta name=\"twitter:data1\" content=\"2 minutos\" \/>\n<script type=\"application\/ld+json\" class=\"yoast-schema-graph\">{\"@context\":\"https:\\\/\\\/schema.org\",\"@graph\":[{\"@type\":\"WebPage\",\"@id\":\"https:\\\/\\\/www.audox.es\\\/it-staff-augmentation\\\/servicios\\\/\",\"url\":\"https:\\\/\\\/www.audox.es\\\/it-staff-augmentation\\\/servicios\\\/\",\"name\":\"Servicios - IT Staff Augmentation Expertos\",\"isPartOf\":{\"@id\":\"https:\\\/\\\/www.audox.es\\\/it-staff-augmentation\\\/#website\"},\"datePublished\":\"2025-06-13T21:38:03+00:00\",\"dateModified\":\"2026-04-04T02:18:14+00:00\",\"description\":\"Descubre qu\u00e9 es la augmentaci\u00f3n de personal IT y c\u00f3mo puede impulsar el crecimiento de tu empresa. Audox ofrece soluciones flexibles y eficientes para optimizar tus equipos tecnol\u00f3gicos.\",\"breadcrumb\":{\"@id\":\"https:\\\/\\\/www.audox.es\\\/it-staff-augmentation\\\/servicios\\\/#breadcrumb\"},\"inLanguage\":\"es\",\"potentialAction\":[{\"@type\":\"ReadAction\",\"target\":[\"https:\\\/\\\/www.audox.es\\\/it-staff-augmentation\\\/servicios\\\/\"]}]},{\"@type\":\"BreadcrumbList\",\"@id\":\"https:\\\/\\\/www.audox.es\\\/it-staff-augmentation\\\/servicios\\\/#breadcrumb\",\"itemListElement\":[{\"@type\":\"ListItem\",\"position\":1,\"name\":\"Portada\",\"item\":\"https:\\\/\\\/www.audox.es\\\/it-staff-augmentation\\\/inicio\\\/\"},{\"@type\":\"ListItem\",\"position\":2,\"name\":\"Servicios\"}]},{\"@type\":\"WebSite\",\"@id\":\"https:\\\/\\\/www.audox.es\\\/it-staff-augmentation\\\/#website\",\"url\":\"https:\\\/\\\/www.audox.es\\\/it-staff-augmentation\\\/\",\"name\":\"IT Staff Augmentation Expertos\",\"description\":\"\",\"potentialAction\":[{\"@type\":\"SearchAction\",\"target\":{\"@type\":\"EntryPoint\",\"urlTemplate\":\"https:\\\/\\\/www.audox.es\\\/it-staff-augmentation\\\/?s={search_term_string}\"},\"query-input\":{\"@type\":\"PropertyValueSpecification\",\"valueRequired\":true,\"valueName\":\"search_term_string\"}}],\"inLanguage\":\"es\"}]}<\/script>\n<!-- \/ Yoast SEO plugin. -->","yoast_head_json":{"title":"Servicios - IT Staff Augmentation Expertos","description":"Descubre qu\u00e9 es la augmentaci\u00f3n de personal IT y c\u00f3mo puede impulsar el crecimiento de tu empresa. Audox ofrece soluciones flexibles y eficientes para optimizar tus equipos tecnol\u00f3gicos.","robots":{"index":"index","follow":"follow","max-snippet":"max-snippet:-1","max-image-preview":"max-image-preview:large","max-video-preview":"max-video-preview:-1"},"canonical":"https:\/\/www.audox.es\/it-staff-augmentation\/servicios\/","og_locale":"es_ES","og_type":"article","og_title":"Servicios - IT Staff Augmentation Expertos","og_description":"Descubre qu\u00e9 es la augmentaci\u00f3n de personal IT y c\u00f3mo puede impulsar el crecimiento de tu empresa. Audox ofrece soluciones flexibles y eficientes para optimizar tus equipos tecnol\u00f3gicos.","og_url":"https:\/\/www.audox.es\/it-staff-augmentation\/servicios\/","og_site_name":"IT Staff Augmentation Expertos","article_modified_time":"2026-04-04T02:18:14+00:00","twitter_card":"summary_large_image","twitter_misc":{"Tiempo de lectura":"2 minutos"},"schema":{"@context":"https:\/\/schema.org","@graph":[{"@type":"WebPage","@id":"https:\/\/www.audox.es\/it-staff-augmentation\/servicios\/","url":"https:\/\/www.audox.es\/it-staff-augmentation\/servicios\/","name":"Servicios - IT Staff Augmentation Expertos","isPartOf":{"@id":"https:\/\/www.audox.es\/it-staff-augmentation\/#website"},"datePublished":"2025-06-13T21:38:03+00:00","dateModified":"2026-04-04T02:18:14+00:00","description":"Descubre qu\u00e9 es la augmentaci\u00f3n de personal IT y c\u00f3mo puede impulsar el crecimiento de tu empresa. Audox ofrece soluciones flexibles y eficientes para optimizar tus equipos tecnol\u00f3gicos.","breadcrumb":{"@id":"https:\/\/www.audox.es\/it-staff-augmentation\/servicios\/#breadcrumb"},"inLanguage":"es","potentialAction":[{"@type":"ReadAction","target":["https:\/\/www.audox.es\/it-staff-augmentation\/servicios\/"]}]},{"@type":"BreadcrumbList","@id":"https:\/\/www.audox.es\/it-staff-augmentation\/servicios\/#breadcrumb","itemListElement":[{"@type":"ListItem","position":1,"name":"Portada","item":"https:\/\/www.audox.es\/it-staff-augmentation\/inicio\/"},{"@type":"ListItem","position":2,"name":"Servicios"}]},{"@type":"WebSite","@id":"https:\/\/www.audox.es\/it-staff-augmentation\/#website","url":"https:\/\/www.audox.es\/it-staff-augmentation\/","name":"IT Staff Augmentation Expertos","description":"","potentialAction":[{"@type":"SearchAction","target":{"@type":"EntryPoint","urlTemplate":"https:\/\/www.audox.es\/it-staff-augmentation\/?s={search_term_string}"},"query-input":{"@type":"PropertyValueSpecification","valueRequired":true,"valueName":"search_term_string"}}],"inLanguage":"es"}]}},"_links":{"self":[{"href":"https:\/\/www.audox.es\/it-staff-augmentation\/wp-json\/wp\/v2\/pages\/3","targetHints":{"allow":["GET"]}}],"collection":[{"href":"https:\/\/www.audox.es\/it-staff-augmentation\/wp-json\/wp\/v2\/pages"}],"about":[{"href":"https:\/\/www.audox.es\/it-staff-augmentation\/wp-json\/wp\/v2\/types\/page"}],"author":[{"embeddable":true,"href":"https:\/\/www.audox.es\/it-staff-augmentation\/wp-json\/wp\/v2\/users\/1"}],"replies":[{"embeddable":true,"href":"https:\/\/www.audox.es\/it-staff-augmentation\/wp-json\/wp\/v2\/comments?post=3"}],"version-history":[{"count":1,"href":"https:\/\/www.audox.es\/it-staff-augmentation\/wp-json\/wp\/v2\/pages\/3\/revisions"}],"predecessor-version":[{"id":11,"href":"https:\/\/www.audox.es\/it-staff-augmentation\/wp-json\/wp\/v2\/pages\/3\/revisions\/11"}],"wp:attachment":[{"href":"https:\/\/www.audox.es\/it-staff-augmentation\/wp-json\/wp\/v2\/media?parent=3"}],"curies":[{"name":"wp","href":"https:\/\/api.w.org\/{rel}","templated":true}]}}